{"id":1612,"date":"2025-05-28T06:40:52","date_gmt":"2025-05-28T11:40:52","guid":{"rendered":"https:\/\/skyvortry.com\/?page_id=1612"},"modified":"2026-03-09T11:17:03","modified_gmt":"2026-03-09T16:17:03","slug":"productos-industriales","status":"publish","type":"page","link":"https:\/\/skyvortry.com\/?page_id=1612","title":{"rendered":"Productos Industriales"},"content":{"rendered":"\t\t<div data-elementor-type=\"wp-post\" data-elementor-id=\"1612\" class=\"elementor elementor-1612\">\n\t\t\t\t\t\t<section class=\"elementor-section elementor-top-section elementor-element elementor-element-39dabc18 elementor-section-content-middle elementor-section-boxed elementor-section-height-default elementor-section-height-default\" data-id=\"39dabc18\" data-element_type=\"section\" data-settings=\"{&quot;background_background&quot;:&quot;classic&quot;}\">\n\t\t\t\t\t\t\t<div class=\"elementor-background-overlay\"><\/div>\n\t\t\t\t\t\t\t<div class=\"elementor-container elementor-column-gap-no\">\n\t\t\t\t\t<div class=\"elementor-column elementor-col-100 elementor-top-column elementor-element elementor-element-f60585f\" data-id=\"f60585f\" data-element_type=\"column\">\n\t\t\t<div class=\"elementor-widget-wrap elementor-element-populated\">\n\t\t\t\t\t\t<div class=\"elementor-element elementor-element-438af913 elementor-widget elementor-widget-heading\" data-id=\"438af913\" data-element_type=\"widget\" data-widget_type=\"heading.default\">\n\t\t\t\t<div class=\"elementor-widget-container\">\n\t\t\t<style>\/*! elementor - v3.20.0 - 26-03-2024 *\/\n.elementor-heading-title{padding:0;margin:0;line-height:1}.elementor-widget-heading .elementor-heading-title[class*=elementor-size-]>a{color:inherit;font-size:inherit;line-height:inherit}.elementor-widget-heading .elementor-heading-title.elementor-size-small{font-size:15px}.elementor-widget-heading .elementor-heading-title.elementor-size-medium{font-size:19px}.elementor-widget-heading .elementor-heading-title.elementor-size-large{font-size:29px}.elementor-widget-heading .elementor-heading-title.elementor-size-xl{font-size:39px}.elementor-widget-heading .elementor-heading-title.elementor-size-xxl{font-size:59px}<\/style><h1 class=\"elementor-heading-title elementor-size-default\">Productos Industriales<\/h1>\t\t<\/div>\n\t\t\t\t<\/div>\n\t\t\t\t\t<\/div>\n\t\t<\/div>\n\t\t\t\t\t<\/div>\n\t\t<\/section>\n\t\t\t\t<section class=\"elementor-section elementor-top-section elementor-element elementor-element-e160972 elementor-section-content-middle elementor-section-boxed elementor-section-height-default elementor-section-height-default\" data-id=\"e160972\" data-element_type=\"section\" data-settings=\"{&quot;background_background&quot;:&quot;classic&quot;}\">\n\t\t\t\t\t\t<div class=\"elementor-container elementor-column-gap-no\">\n\t\t\t\t\t<div class=\"elementor-column elementor-col-50 elementor-top-column elementor-element elementor-element-19602117\" data-id=\"19602117\" data-element_type=\"column\">\n\t\t\t<div class=\"elementor-widget-wrap elementor-element-populated\">\n\t\t\t\t\t\t<div class=\"elementor-element elementor-element-9c98d99 elementor-widget elementor-widget-heading\" data-id=\"9c98d99\" data-element_type=\"widget\" data-widget_type=\"heading.default\">\n\t\t\t\t<div class=\"elementor-widget-container\">\n\t\t\t<h2 class=\"elementor-heading-title elementor-size-default\">Nuestros productos<\/h2>\t\t<\/div>\n\t\t\t\t<\/div>\n\t\t\t\t<div class=\"elementor-element elementor-element-956e74e elementor-widget__width-initial elementor-widget elementor-widget-text-editor\" data-id=\"956e74e\" data-element_type=\"widget\" data-widget_type=\"text-editor.default\">\n\t\t\t\t<div class=\"elementor-widget-container\">\n\t\t\t<style>\/*! elementor - v3.20.0 - 26-03-2024 *\/\n.elementor-widget-text-editor.elementor-drop-cap-view-stacked .elementor-drop-cap{background-color:#69727d;color:#fff}.elementor-widget-text-editor.elementor-drop-cap-view-framed .elementor-drop-cap{color:#69727d;border:3px solid;background-color:transparent}.elementor-widget-text-editor:not(.elementor-drop-cap-view-default) .elementor-drop-cap{margin-top:8px}.elementor-widget-text-editor:not(.elementor-drop-cap-view-default) .elementor-drop-cap-letter{width:1em;height:1em}.elementor-widget-text-editor .elementor-drop-cap{float:left;text-align:center;line-height:1;font-size:50px}.elementor-widget-text-editor .elementor-drop-cap-letter{display:inline-block}<\/style>\t\t\t\t<p data-start=\"0\" data-end=\"819\">SkyVortry es un sistema avanzado de monitoreo en tiempo real dise\u00f1ado espec\u00edficamente para aplicaciones industriales. Combina hardware robusto con conectividad inteligente, ideal para entornos exigentes donde la precisi\u00f3n y la continuidad operativa son esenciales. El sistema est\u00e1 compuesto por una unidad central con comunicaci\u00f3n WiFi y LoRa (hasta 1.8 km de alcance), capaz de gestionar hasta 15 dispositivos sat\u00e9lite distribuidos estrat\u00e9gicamente en planta. Cada sat\u00e9lite cuenta con 12 entradas anal\u00f3gicas de 4-20 mA para sensores industriales, 3 salidas digitales con rel\u00e9s de estado s\u00f3lido para control de procesos, 3 entradas digitales configurables, y conexi\u00f3n RS485 para hasta 6 sensores de vibraci\u00f3n con inteligencia artificial, capaces de detectar fallas mec\u00e1nicas en motores, bombas u otros equipos cr\u00edticos.<\/p><p data-start=\"821\" data-end=\"1442\" data-is-last-node=\"\" data-is-only-node=\"\">Los datos se visualizan en tiempo real a trav\u00e9s de Bluetooth y se almacenan autom\u00e1ticamente en Google Sheets para an\u00e1lisis y trazabilidad. La soluci\u00f3n incorpora tecnolog\u00edas como procesamiento en el edge, reduciendo la dependencia del servidor central; comunicaci\u00f3n h\u00edbrida (LoRa\/WiFi\/Bluetooth), adaptable a distintos escenarios; y protecci\u00f3n IP contra polvo y humedad, ideal para ambientes hostiles.\u00a0<\/p>\t\t\t\t\t\t<\/div>\n\t\t\t\t<\/div>\n\t\t\t\t\t<\/div>\n\t\t<\/div>\n\t\t\t\t<div class=\"elementor-column elementor-col-50 elementor-top-column elementor-element elementor-element-c9bd35b\" data-id=\"c9bd35b\" data-element_type=\"column\">\n\t\t\t<div class=\"elementor-widget-wrap elementor-element-populated\">\n\t\t\t\t\t\t<div class=\"elementor-element elementor-element-8dcee9c elementor-widget elementor-widget-image\" data-id=\"8dcee9c\" data-element_type=\"widget\" data-widget_type=\"image.default\">\n\t\t\t\t<div class=\"elementor-widget-container\">\n\t\t\t<style>\/*! elementor - v3.20.0 - 26-03-2024 *\/\n.elementor-widget-image{text-align:center}.elementor-widget-image a{display:inline-block}.elementor-widget-image a img[src$=\".svg\"]{width:48px}.elementor-widget-image img{vertical-align:middle;display:inline-block}<\/style>\t\t\t\t\t\t\t\t\t\t<img fetchpriority=\"high\" decoding=\"async\" width=\"300\" height=\"274\" src=\"https:\/\/skyvortry.com\/wp-content\/uploads\/2023\/10\/3.-Equipment-picture-300x274.png\" class=\"attachment-medium size-medium wp-image-907\" alt=\"\" srcset=\"https:\/\/skyvortry.com\/wp-content\/uploads\/2023\/10\/3.-Equipment-picture-300x274.png 300w, https:\/\/skyvortry.com\/wp-content\/uploads\/2023\/10\/3.-Equipment-picture-768x700.png 768w, https:\/\/skyvortry.com\/wp-content\/uploads\/2023\/10\/3.-Equipment-picture.png 908w\" sizes=\"(max-width: 300px) 100vw, 300px\" \/>\t\t\t\t\t\t\t\t\t\t\t\t\t<\/div>\n\t\t\t\t<\/div>\n\t\t\t\t<div class=\"elementor-element elementor-element-af6575d elementor-widget__width-initial elementor-widget elementor-widget-image\" data-id=\"af6575d\" data-element_type=\"widget\" data-widget_type=\"image.default\">\n\t\t\t\t<div class=\"elementor-widget-container\">\n\t\t\t\t\t\t\t\t\t\t\t\t\t<img decoding=\"async\" width=\"239\" height=\"407\" src=\"https:\/\/skyvortry.com\/wp-content\/uploads\/2026\/03\/APP-Skyvortry-e1773072605286.png\" class=\"attachment-medium_large size-medium_large wp-image-2055\" alt=\"\" \/>\t\t\t\t\t\t\t\t\t\t\t\t\t<\/div>\n\t\t\t\t<\/div>\n\t\t\t\t\t<\/div>\n\t\t<\/div>\n\t\t\t\t\t<\/div>\n\t\t<\/section>\n\t\t<div class=\"elementor-element elementor-element-aaa0557 e-flex e-con-boxed e-con e-parent\" data-id=\"aaa0557\" data-element_type=\"container\" data-core-v316-plus=\"true\">\n\t\t\t\t\t<div class=\"e-con-inner\">\n\t\t<div class=\"elementor-element elementor-element-fc20a2e e-flex e-con-boxed e-con e-child\" data-id=\"fc20a2e\" data-element_type=\"container\">\n\t\t\t\t\t<div class=\"e-con-inner\">\n\t\t\t\t<div class=\"elementor-element elementor-element-c931211 elementor-widget elementor-widget-image\" data-id=\"c931211\" data-element_type=\"widget\" data-widget_type=\"image.default\">\n\t\t\t\t<div class=\"elementor-widget-container\">\n\t\t\t\t\t\t\t\t\t\t\t\t\t<img decoding=\"async\" width=\"1024\" height=\"576\" src=\"https:\/\/skyvortry.com\/wp-content\/uploads\/2025\/06\/2025-05-27-Skyvortry-investor-espanol-8-1024x576.png\" class=\"attachment-large size-large wp-image-1809\" alt=\"\" srcset=\"https:\/\/skyvortry.com\/wp-content\/uploads\/2025\/06\/2025-05-27-Skyvortry-investor-espanol-8-1024x576.png 1024w, https:\/\/skyvortry.com\/wp-content\/uploads\/2025\/06\/2025-05-27-Skyvortry-investor-espanol-8-300x169.png 300w, https:\/\/skyvortry.com\/wp-content\/uploads\/2025\/06\/2025-05-27-Skyvortry-investor-espanol-8-768x432.png 768w, https:\/\/skyvortry.com\/wp-content\/uploads\/2025\/06\/2025-05-27-Skyvortry-investor-espanol-8-1536x864.png 1536w, https:\/\/skyvortry.com\/wp-content\/uploads\/2025\/06\/2025-05-27-Skyvortry-investor-espanol-8-2048x1152.png 2048w\" sizes=\"(max-width: 1024px) 100vw, 1024px\" \/>\t\t\t\t\t\t\t\t\t\t\t\t\t<\/div>\n\t\t\t\t<\/div>\n\t\t\t\t\t<\/div>\n\t\t\t\t<\/div>\n\t\t\t\t\t<\/div>\n\t\t\t\t<\/div>\n\t\t<div class=\"elementor-element elementor-element-f31a2e7 e-flex e-con-boxed e-con e-parent\" data-id=\"f31a2e7\" data-element_type=\"container\" data-core-v316-plus=\"true\">\n\t\t\t\t\t<div class=\"e-con-inner\">\n\t\t\t\t<div class=\"elementor-element elementor-element-e3c538f elementor-widget elementor-widget-text-editor\" data-id=\"e3c538f\" data-element_type=\"widget\" data-widget_type=\"text-editor.default\">\n\t\t\t\t<div class=\"elementor-widget-container\">\n\t\t\t\t\t\t\t<!DOCTYPE html>\n<html lang=\"es\">\n<head>\n    <meta charset=\"UTF-8\">\n    <meta name=\"viewport\" content=\"width=device-width, initial-scale=1.0\">\n    <title>Especificaciones T\u00e9cnicas SkyVortry<\/title>\n    <style>\n        \/* Estilos generales *\/\n        body {\n            font-family: 'Arial', sans-serif;\n            line-height: 1.6;\n            color: #333;\n            margin: 0;\n            padding: 20px;\n            background-color: #f9f9f9;\n        }\n        \n        h2 {\n            color: #2c3e50;\n            margin-top: 40px;\n            padding-bottom: 10px;\n            border-bottom: 2px solid #2c3e50;\n        }\n        \n        \/* Contenedor principal *\/\n        .specs-container {\n            max-width: 100%;\n            margin: 40px auto; \/* Centrado horizontalmente *\/\n            overflow-x: auto; \/* Permite scroll horizontal en el contenedor si es necesario *\/\n        }\n        \n        \/* Tabla de especificaciones *\/\n        .specs-table {\n            width: 100%;\n            border-collapse: collapse;\n            margin: 20px 0;\n            box-shadow: 0 2px 15px rgba(0,0,0,0.1);\n            background-color: white;\n        }\n        \n        .specs-table thead tr {\n            background-color: #2c3e50;\n        }\n        \n        .specs-table th {\n            color: white;\n            padding: 15px;\n            text-align: center;\n            font-weight: bold;\n            border-bottom: 2px solid #1a2634;\n        }\n        \n        .specs-table td {\n            padding: 12px 15px;\n            border-bottom: 1px solid #e0e0e0;\n            text-align: center;\n            vertical-align: middle;\n        }\n        \n        \/* Estilo para la primera celda de cada fila (el encabezado de fila) *\/\n        .specs-table tbody td:first-child {\n            text-align: left;\n            font-weight: bold;\n        }\n        \n        .specs-table tbody tr:nth-child(even) {\n            background-color: #f8f9fa;\n        }\n        \n        .specs-table tbody tr:hover {\n            background-color: #f1f1f1;\n            transition: background-color 0.3s ease;\n        }\n        \n        .price {\n            color: #2c3e50;\n            font-weight: bold;\n        }\n        \n        .table-notes {\n            font-size: 0.85em;\n            color: #666;\n            margin-top: 10px;\n            text-align: left;\n            padding: 10px;\n            background-color: #f8f9fa;\n            border-radius: 4px;\n        }\n        \n        \/* Dise\u00f1o responsivo para la tabla *\/\n        @media (max-width: 768px) {\n            \/* En pantallas peque\u00f1as, la tabla se vuelve un bloque que permite \n               el desplazamiento horizontal para ver todo el contenido sin\n               deformar el dise\u00f1o principal.\n            *\/\n            .specs-table {\n                display: block;\n            }\n            \n            .specs-table th,\n            .specs-table td {\n                min-width: 150px; \/* Asegura un ancho m\u00ednimo para la legibilidad de las celdas *\/\n            }\n        }\n    <\/style>\n<\/head>\n<body>\n    <div class=\"specs-container\">\n        <h2>Especificaciones T\u00e9cnicas SkyVortry<\/h2>\n        <table class=\"specs-table\">\n            <thead>\n                <tr>\n                    <th scope=\"col\">Caracter\u00edsticas<\/th>\n                    <th scope=\"col\">Central<\/th>\n                    <th scope=\"col\">Sat\u00e9lite Industrial<\/th>\n                    <th scope=\"col\">Sensor de Movimiento<\/th>\n                    <th scope=\"col\">Sensor de caudal<\/th>\n                    <th scope=\"col\">Sensor de presi\u00f3n<\/th>\n                <\/tr>\n            <\/thead>\n            <tbody>\n                <tr>\n                    <td scope=\"row\">Descripci\u00f3n<\/td>\n                    <td>Unidad base con WiFi y LoRa, encargada de comunicarse con los sat\u00e9lites y enviar la informaci\u00f3n a Internet<\/td>\n                    <td>Unidad con comunicaci\u00f3n LoRa, encargada del monitoreo y control de equipos industriales<\/td>\n                    <td>Sensor de movimiento inercial de 9 ejes: aceler\u00f3metro, giroscopio y magnet\u00f3metro<\/td>\n                    <td>Sensor de caudal para tuber\u00edas, mide fluidos como agua, aceites y otros<\/td>\n                    <td>Sensor de presi\u00f3n para tuber\u00edas, mide fluidos como agua, aceites y otros<\/td>\n                <\/tr>\n                <tr>\n                    <td scope=\"row\">Comunicaciones<\/td>\n                    <td>WiFi\/LoRa<\/td>\n                    <td>LoRa\/Bluetooth<\/td>\n                    <td>RS485<\/td>\n                    <td>4 a 20mA<\/td>\n                    <td>4 a 20mA<\/td>\n                <\/tr>\n                <tr>\n                    <td scope=\"row\">Alcance m\u00e1ximo<\/td>\n                    <td>1800 m (LoRa)<\/td>\n                    <td>1800 m (LoRa) 10 m (Bluetooth)<\/td>\n                    <td>100 m (RS485)<\/td>\n                    <td>50 m<\/td>\n                    <td>50 m<\/td>\n                <\/tr>\n                <tr>\n                    <td scope=\"row\">Entradas\/Sensores<\/td>\n                    <td>&#8211;<\/td>\n                    <td>12 entradas 4-20mA 6 sensores RS485<\/td>\n                    <td>&#8211;<\/td>\n                    <td>&#8211;<\/td>\n                    <td>&#8211;<\/td>\n                <\/tr>\n                <tr>\n                    <td scope=\"row\">Salidas\/Control<\/td>\n                    <td>Buzzer o sirena<\/td>\n                    <td>3 rel\u00e9s estado s\u00f3lido<\/td>\n                    <td>&#8211;<\/td>\n                    <td>&#8211;<\/td>\n                    <td>&#8211;<\/td>\n                <\/tr>\n                <tr>\n                    <td scope=\"row\">Alimentaci\u00f3n<\/td>\n                    <td>100-240V AC<\/td>\n                    <td>100-240V AC<\/td>\n                    <td>5V DC<\/td>\n                    <td>24VDC<\/td>\n                    <td>24VDC<\/td>\n                <\/tr>\n                <tr>\n                    <td scope=\"row\">Consumo de corriente (Max)<\/td>\n                    <td>500 mA<\/td>\n                    <td>700 mA<\/td>\n                    <td>3.5 mA<\/td>\n                    <td>20 mA<\/td>\n                    <td>20 mA<\/td>\n                <\/tr>\n                <tr>\n                    <td scope=\"row\">Consumo de corriente (Min)<\/td>\n                    <td>54 mA<\/td>\n                    <td>40 mA<\/td>\n                    <td>8 \u00b5A<\/td>\n                    <td>4 mA<\/td>\n                    <td>4 mA<\/td>\n                <\/tr>\n                <tr>\n                    <td scope=\"row\">Rangos<\/td>\n                    <td>&#8211;<\/td>\n                    <td>&#8211;<\/td>\n                    <td>Aceler\u00f3metro: \u00b12\/\u00b14\/\u00b18\/\u00b116g Giroscopio: \u00b1250\/\u00b1500\/\u00b11000\/\u00b12000\u00b0\/s Magnet\u00f3metro: \u00b14800\u00b5T<\/td>\n                    <td>0.1 a 20,000 L\/min<\/td>\n                    <td>-100kPa a 0Pa; 10kPa a 60MPa<\/td>\n                <\/tr>\n                <tr>\n                    <td scope=\"row\">Exactitud<\/td>\n                    <td>&#8211;<\/td>\n                    <td>&#8211;<\/td>\n                    <td>Giroscopio: \u00b13% Aceler\u00f3metro: \u00b12% Magnet\u00f3metro: \u00b110%<\/td>\n                    <td>\u2264\u00b13% F.S.<\/td>\n                    <td>\u2264\u00b13% F.S.<\/td>\n                <\/tr>\n                <tr>\n                    <td scope=\"row\">Resoluci\u00f3n<\/td>\n                    <td>&#8211;<\/td>\n                    <td>&#8211;<\/td>\n                    <td>Aceler\u00f3metro y Giroscopio: 16bits Magnet\u00f3metro: 13bits<\/td>\n                    <td>0.1L\/min<\/td>\n                    <td>0.1kPa<\/td>\n                <\/tr>\n                <tr>\n                    <td scope=\"row\">Protecci\u00f3n<\/td>\n                    <td>IP65 Protecci\u00f3n contra: &#8211; Sobretensiones &#8211; Cortocircuitos &#8211; Descargas electrost\u00e1ticas<\/td>\n                    <td>IP67 Protecci\u00f3n contra: &#8211; Sobretensiones &#8211; Cortocircuitos &#8211; Descargas electrost\u00e1ticas<\/td>\n                    <td>IP67<\/td>\n                    <td>IP67<\/td>\n                    <td>IP67<\/td>\n                <\/tr>\n                <tr>\n                    <td scope=\"row\">Temperatura de operaci\u00f3n<\/td>\n                    <td>-10\u00b0C a 50\u00b0C<\/td>\n                    <td>-20\u00b0C a 60\u00b0C<\/td>\n                    <td>-40\u00b0C a +85\u00b0C<\/td>\n                    <td>-40 a 80\u00b0C<\/td>\n                    <td>-40 a 80\u00b0C<\/td>\n                <\/tr>\n                <tr>\n                    <td scope=\"row\">Integraci\u00f3n<\/td>\n                    <td>Google Sheets + App<\/td>\n                    <td>App m\u00f3vil<\/td>\n                    <td>Sat\u00e9lite Skyvortry<\/td>\n                    <td>Sat\u00e9lite Skyvortry<\/td>\n                    <td>Sat\u00e9lite Skyvortry<\/td>\n                <\/tr>\n                <tr>\n                    <td scope=\"row\">Precio (COP sin IVA)<\/td>\n                    <td class=\"price\">$1.383.000<\/td>\n                    <td class=\"price\">$3.450.000<\/td>\n                    <td class=\"price\">$1.198.000<\/td>\n                    <td class=\"price\">$1.882.000<\/td>\n                    <td class=\"price\">$1.045.000<\/td>\n                <\/tr>\n            <\/tbody>\n        <\/table>\n        <div class=\"table-notes\">\n            <\/div>\n    <\/div>\n<\/body>\n<\/html>\t\t\t\t\t\t<\/div>\n\t\t\t\t<\/div>\n\t\t\t\t\t<\/div>\n\t\t\t\t<\/div>\n\t\t\t\t<\/div>\n\t\t","protected":false},"excerpt":{"rendered":"<p>Productos Industriales Nuestros productos SkyVortry es un sistema avanzado de monitoreo en tiempo real dise\u00f1ado espec\u00edficamente para aplicaciones industriales. Combina hardware robusto con conectividad inteligente, ideal para entornos exigentes donde la precisi\u00f3n y la continuidad operativa son esenciales. El sistema est\u00e1 compuesto por una unidad central con comunicaci\u00f3n WiFi y LoRa (hasta 1.8 km de [&hellip;]<\/p>\n","protected":false},"author":1,"featured_media":0,"parent":0,"menu_order":0,"comment_status":"closed","ping_status":"closed","template":"","meta":{"site-sidebar-layout":"no-sidebar","site-content-layout":"page-builder","ast-site-content-layout":"full-width-container","site-content-style":"unboxed","site-sidebar-style":"unboxed","ast-global-header-display":"","ast-banner-title-visibility":"","ast-main-header-display":"","ast-hfb-above-header-display":"","ast-hfb-below-header-display":"","ast-hfb-mobile-header-display":"","site-post-title":"disabled","ast-breadcrumbs-content":"","ast-featured-img":"disabled","footer-sml-layout":"","theme-transparent-header-meta":"enabled","adv-header-id-meta":"","stick-header-meta":"","header-above-stick-meta":"","header-main-stick-meta":"","header-below-stick-meta":"","astra-migrate-meta-layouts":"set","ast-page-background-enabled":"default","ast-page-background-meta":{"desktop":{"background-color":"","background-image":"","background-repeat":"repeat","background-position":"center center","background-size":"auto","background-attachment":"scroll","background-type":"","background-media":"","overlay-type":"","overlay-color":"","overlay-gradient":""},"tablet":{"background-color":"","background-image":"","background-repeat":"repeat","background-position":"center center","background-size":"auto","background-attachment":"scroll","background-type":"","background-media":"","overlay-type":"","overlay-color":"","overlay-gradient":""},"mobile":{"background-color":"","background-image":"","background-repeat":"repeat","background-position":"center center","background-size":"auto","background-attachment":"scroll","background-type":"","background-media":"","overlay-type":"","overlay-color":"","overlay-gradient":""}},"ast-content-background-meta":{"desktop":{"background-color":"var(--ast-global-color-5)","background-image":"","background-repeat":"repeat","background-position":"center center","background-size":"auto","background-attachment":"scroll","background-type":"","background-media":"","overlay-type":"","overlay-color":"","overlay-gradient":""},"tablet":{"background-color":"var(--ast-global-color-5)","background-image":"","background-repeat":"repeat","background-position":"center center","background-size":"auto","background-attachment":"scroll","background-type":"","background-media":"","overlay-type":"","overlay-color":"","overlay-gradient":""},"mobile":{"background-color":"var(--ast-global-color-5)","background-image":"","background-repeat":"repeat","background-position":"center center","background-size":"auto","background-attachment":"scroll","background-type":"","background-media":"","overlay-type":"","overlay-color":"","overlay-gradient":""}},"footnotes":""},"class_list":["post-1612","page","type-page","status-publish","hentry"],"_links":{"self":[{"href":"https:\/\/skyvortry.com\/index.php?rest_route=\/wp\/v2\/pages\/1612","targetHints":{"allow":["GET"]}}],"collection":[{"href":"https:\/\/skyvortry.com\/index.php?rest_route=\/wp\/v2\/pages"}],"about":[{"href":"https:\/\/skyvortry.com\/index.php?rest_route=\/wp\/v2\/types\/page"}],"author":[{"embeddable":true,"href":"https:\/\/skyvortry.com\/index.php?rest_route=\/wp\/v2\/users\/1"}],"replies":[{"embeddable":true,"href":"https:\/\/skyvortry.com\/index.php?rest_route=%2Fwp%2Fv2%2Fcomments&post=1612"}],"version-history":[{"count":45,"href":"https:\/\/skyvortry.com\/index.php?rest_route=\/wp\/v2\/pages\/1612\/revisions"}],"predecessor-version":[{"id":2072,"href":"https:\/\/skyvortry.com\/index.php?rest_route=\/wp\/v2\/pages\/1612\/revisions\/2072"}],"wp:attachment":[{"href":"https:\/\/skyvortry.com\/index.php?rest_route=%2Fwp%2Fv2%2Fmedia&parent=1612"}],"curies":[{"name":"wp","href":"https:\/\/api.w.org\/{rel}","templated":true}]}}